{"id":385,"date":"2025-04-18T12:42:15","date_gmt":"2025-04-18T12:42:15","guid":{"rendered":"https:\/\/spinbetter.cafe\/cz\/?page_id=385"},"modified":"2025-05-07T11:45:48","modified_gmt":"2025-05-07T11:45:48","slug":"1st-deposit","status":"publish","type":"page","link":"https:\/\/spinbetter.cafe\/cz\/bonus\/1st-deposit\/","title":{"rendered":"1. vklad"},"content":{"rendered":"","protected":false},"excerpt":{"rendered":"","protected":false},"author":1,"featured_media":0,"parent":152,"menu_order":0,"comment_status":"closed","ping_status":"closed","template":"","meta":{"footnotes":""},"class_list":["post-385","page","type-page","status-publish","hentry"],"yoast_head":"<!-- This site is optimized with the Yoast SEO plugin v25.1 - https:\/\/yoast.com\/wordpress\/plugins\/seo\/ -->\n<title>Uv\u00edtac\u00ed bonus pro nov\u00e9 hr\u00e1\u010de Spinbetter &gt; z\u00edskejte 100 % a\u017e do v\u00fd\u0161e 1500 \u20ac<\/title>\n<meta name=\"description\" content=\"P\u0159ipravte se na zv\u00fd\u0161en\u00ed \u00farovn\u011b s masivn\u00edm 100% bonusem a\u017e do v\u00fd\u0161e \u20ac1500 na v\u00e1\u0161 prvn\u00ed vklad! To nen\u00ed jen uv\u00edtac\u00ed bonus, to je n\u011bco, co m\u011bn\u00ed pravidla hry. Vyu\u017eijte vzru\u0161en\u00ed a zdvojn\u00e1sobte sv\u00e9 pen\u00edze - nenechte si tuto p\u0159\u00edle\u017eitost uniknout!\" \/>\n<meta name=\"robots\" content=\"index, follow, max-snippet:-1, max-image-preview:large, max-video-preview:-1\" \/>\n<meta property=\"og:locale\" content=\"cs_CZ\" \/>\n<meta property=\"og:type\" content=\"article\" \/>\n<meta property=\"og:title\" content=\"Uv\u00edtac\u00ed bonus pro nov\u00e9 hr\u00e1\u010de Spinbetter &gt; z\u00edskejte 100 % a\u017e do v\u00fd\u0161e 1500 \u20ac\" \/>\n<meta property=\"og:description\" content=\"P\u0159ipravte se na zv\u00fd\u0161en\u00ed \u00farovn\u011b s masivn\u00edm 100% bonusem a\u017e do v\u00fd\u0161e \u20ac1500 na v\u00e1\u0161 prvn\u00ed vklad! To nen\u00ed jen uv\u00edtac\u00ed bonus, to je n\u011bco, co m\u011bn\u00ed pravidla hry. Vyu\u017eijte vzru\u0161en\u00ed a zdvojn\u00e1sobte sv\u00e9 pen\u00edze - nenechte si tuto p\u0159\u00edle\u017eitost uniknout!\" \/>\n<meta property=\"og:url\" content=\"https:\/\/spinbetter.cafe\/cz\/bonus\/1st-deposit\/\" \/>\n<meta property=\"og:site_name\" content=\"Spinbetter Cafe CZ\" \/>\n<meta property=\"article:modified_time\" content=\"2025-05-07T11:45:48+00:00\" \/>\n<meta name=\"twitter:card\" content=\"summary_large_image\" \/>\n<script type=\"application\/ld+json\" class=\"yoast-schema-graph\">{\"@context\":\"https:\/\/schema.org\",\"@graph\":[{\"@type\":\"WebPage\",\"@id\":\"https:\/\/spinbetter.cafe\/cz\/bonus\/1st-deposit\/\",\"url\":\"https:\/\/spinbetter.cafe\/cz\/bonus\/1st-deposit\/\",\"name\":\"Uv\u00edtac\u00ed bonus pro nov\u00e9 hr\u00e1\u010de Spinbetter > z\u00edskejte 100 % a\u017e do v\u00fd\u0161e 1500 \u20ac\",\"isPartOf\":{\"@id\":\"https:\/\/spinbetter.cafe\/cz\/#website\"},\"datePublished\":\"2025-04-18T12:42:15+00:00\",\"dateModified\":\"2025-05-07T11:45:48+00:00\",\"description\":\"P\u0159ipravte se na zv\u00fd\u0161en\u00ed \u00farovn\u011b s masivn\u00edm 100% bonusem a\u017e do v\u00fd\u0161e \u20ac1500 na v\u00e1\u0161 prvn\u00ed vklad! To nen\u00ed jen uv\u00edtac\u00ed bonus, to je n\u011bco, co m\u011bn\u00ed pravidla hry. Vyu\u017eijte vzru\u0161en\u00ed a zdvojn\u00e1sobte sv\u00e9 pen\u00edze - nenechte si tuto p\u0159\u00edle\u017eitost uniknout!\",\"breadcrumb\":{\"@id\":\"https:\/\/spinbetter.cafe\/cz\/bonus\/1st-deposit\/#breadcrumb\"},\"inLanguage\":\"cs\",\"potentialAction\":[{\"@type\":\"ReadAction\",\"target\":[\"https:\/\/spinbetter.cafe\/cz\/bonus\/1st-deposit\/\"]}]},{\"@type\":\"BreadcrumbList\",\"@id\":\"https:\/\/spinbetter.cafe\/cz\/bonus\/1st-deposit\/#breadcrumb\",\"itemListElement\":[{\"@type\":\"ListItem\",\"position\":1,\"name\":\"\u0413\u043b\u0430\u0432\u043d\u0430\u044f \u0441\u0442\u0440\u0430\u043d\u0438\u0446\u0430\",\"item\":\"https:\/\/spinbetter.cafe\/cz\/\"},{\"@type\":\"ListItem\",\"position\":2,\"name\":\"Bonus\",\"item\":\"https:\/\/spinbetter.cafe\/cz\/bonus\/\"},{\"@type\":\"ListItem\",\"position\":3,\"name\":\"1. vklad\"}]},{\"@type\":\"WebSite\",\"@id\":\"https:\/\/spinbetter.cafe\/cz\/#website\",\"url\":\"https:\/\/spinbetter.cafe\/cz\/\",\"name\":\"Spinbetter Cafe CZ\",\"description\":\"\",\"potentialAction\":[{\"@type\":\"SearchAction\",\"target\":{\"@type\":\"EntryPoint\",\"urlTemplate\":\"https:\/\/spinbetter.cafe\/cz\/?s={search_term_string}\"},\"query-input\":{\"@type\":\"PropertyValueSpecification\",\"valueRequired\":true,\"valueName\":\"search_term_string\"}}],\"inLanguage\":\"cs\"}]}<\/script>\n<!-- \/ Yoast SEO plugin. -->","yoast_head_json":{"title":"Uv\u00edtac\u00ed bonus pro nov\u00e9 hr\u00e1\u010de Spinbetter > z\u00edskejte 100 % a\u017e do v\u00fd\u0161e 1500 \u20ac","description":"P\u0159ipravte se na zv\u00fd\u0161en\u00ed \u00farovn\u011b s masivn\u00edm 100% bonusem a\u017e do v\u00fd\u0161e \u20ac1500 na v\u00e1\u0161 prvn\u00ed vklad! To nen\u00ed jen uv\u00edtac\u00ed bonus, to je n\u011bco, co m\u011bn\u00ed pravidla hry. Vyu\u017eijte vzru\u0161en\u00ed a zdvojn\u00e1sobte sv\u00e9 pen\u00edze - nenechte si tuto p\u0159\u00edle\u017eitost uniknout!","robots":{"index":"index","follow":"follow","max-snippet":"max-snippet:-1","max-image-preview":"max-image-preview:large","max-video-preview":"max-video-preview:-1"},"og_locale":"cs_CZ","og_type":"article","og_title":"Uv\u00edtac\u00ed bonus pro nov\u00e9 hr\u00e1\u010de Spinbetter > z\u00edskejte 100 % a\u017e do v\u00fd\u0161e 1500 \u20ac","og_description":"P\u0159ipravte se na zv\u00fd\u0161en\u00ed \u00farovn\u011b s masivn\u00edm 100% bonusem a\u017e do v\u00fd\u0161e \u20ac1500 na v\u00e1\u0161 prvn\u00ed vklad! To nen\u00ed jen uv\u00edtac\u00ed bonus, to je n\u011bco, co m\u011bn\u00ed pravidla hry. Vyu\u017eijte vzru\u0161en\u00ed a zdvojn\u00e1sobte sv\u00e9 pen\u00edze - nenechte si tuto p\u0159\u00edle\u017eitost uniknout!","og_url":"https:\/\/spinbetter.cafe\/cz\/bonus\/1st-deposit\/","og_site_name":"Spinbetter Cafe CZ","article_modified_time":"2025-05-07T11:45:48+00:00","twitter_card":"summary_large_image","schema":{"@context":"https:\/\/schema.org","@graph":[{"@type":"WebPage","@id":"https:\/\/spinbetter.cafe\/cz\/bonus\/1st-deposit\/","url":"https:\/\/spinbetter.cafe\/cz\/bonus\/1st-deposit\/","name":"Uv\u00edtac\u00ed bonus pro nov\u00e9 hr\u00e1\u010de Spinbetter > z\u00edskejte 100 % a\u017e do v\u00fd\u0161e 1500 \u20ac","isPartOf":{"@id":"https:\/\/spinbetter.cafe\/cz\/#website"},"datePublished":"2025-04-18T12:42:15+00:00","dateModified":"2025-05-07T11:45:48+00:00","description":"P\u0159ipravte se na zv\u00fd\u0161en\u00ed \u00farovn\u011b s masivn\u00edm 100% bonusem a\u017e do v\u00fd\u0161e \u20ac1500 na v\u00e1\u0161 prvn\u00ed vklad! To nen\u00ed jen uv\u00edtac\u00ed bonus, to je n\u011bco, co m\u011bn\u00ed pravidla hry. Vyu\u017eijte vzru\u0161en\u00ed a zdvojn\u00e1sobte sv\u00e9 pen\u00edze - nenechte si tuto p\u0159\u00edle\u017eitost uniknout!","breadcrumb":{"@id":"https:\/\/spinbetter.cafe\/cz\/bonus\/1st-deposit\/#breadcrumb"},"inLanguage":"cs","potentialAction":[{"@type":"ReadAction","target":["https:\/\/spinbetter.cafe\/cz\/bonus\/1st-deposit\/"]}]},{"@type":"BreadcrumbList","@id":"https:\/\/spinbetter.cafe\/cz\/bonus\/1st-deposit\/#breadcrumb","itemListElement":[{"@type":"ListItem","position":1,"name":"\u0413\u043b\u0430\u0432\u043d\u0430\u044f \u0441\u0442\u0440\u0430\u043d\u0438\u0446\u0430","item":"https:\/\/spinbetter.cafe\/cz\/"},{"@type":"ListItem","position":2,"name":"Bonus","item":"https:\/\/spinbetter.cafe\/cz\/bonus\/"},{"@type":"ListItem","position":3,"name":"1. vklad"}]},{"@type":"WebSite","@id":"https:\/\/spinbetter.cafe\/cz\/#website","url":"https:\/\/spinbetter.cafe\/cz\/","name":"Spinbetter Cafe CZ","description":"","potentialAction":[{"@type":"SearchAction","target":{"@type":"EntryPoint","urlTemplate":"https:\/\/spinbetter.cafe\/cz\/?s={search_term_string}"},"query-input":{"@type":"PropertyValueSpecification","valueRequired":true,"valueName":"search_term_string"}}],"inLanguage":"cs"}]}},"_links":{"self":[{"href":"https:\/\/spinbetter.cafe\/cz\/wp-json\/wp\/v2\/pages\/385"}],"collection":[{"href":"https:\/\/spinbetter.cafe\/cz\/wp-json\/wp\/v2\/pages"}],"about":[{"href":"https:\/\/spinbetter.cafe\/cz\/wp-json\/wp\/v2\/types\/page"}],"author":[{"embeddable":true,"href":"https:\/\/spinbetter.cafe\/cz\/wp-json\/wp\/v2\/users\/1"}],"replies":[{"embeddable":true,"href":"https:\/\/spinbetter.cafe\/cz\/wp-json\/wp\/v2\/comments?post=385"}],"version-history":[{"count":3,"href":"https:\/\/spinbetter.cafe\/cz\/wp-json\/wp\/v2\/pages\/385\/revisions"}],"predecessor-version":[{"id":388,"href":"https:\/\/spinbetter.cafe\/cz\/wp-json\/wp\/v2\/pages\/385\/revisions\/388"}],"up":[{"embeddable":true,"href":"https:\/\/spinbetter.cafe\/cz\/wp-json\/wp\/v2\/pages\/152"}],"wp:attachment":[{"href":"https:\/\/spinbetter.cafe\/cz\/wp-json\/wp\/v2\/media?parent=385"}],"curies":[{"name":"wp","href":"https:\/\/api.w.org\/{rel}","templated":true}]}}