{"id":236,"date":"2024-11-14T09:46:51","date_gmt":"2024-11-14T09:46:51","guid":{"rendered":"https:\/\/spinbetter.cafe\/cz\/?page_id=236"},"modified":"2024-12-11T12:08:59","modified_gmt":"2024-12-11T12:08:59","slug":"registration","status":"publish","type":"page","link":"https:\/\/spinbetter.cafe\/cz\/registration\/","title":{"rendered":"Registrace"},"content":{"rendered":"","protected":false},"excerpt":{"rendered":"","protected":false},"author":1,"featured_media":0,"parent":0,"menu_order":0,"comment_status":"closed","ping_status":"closed","template":"","meta":{"footnotes":""},"class_list":["post-236","page","type-page","status-publish","hentry"],"yoast_head":"<!-- This site is optimized with the Yoast SEO plugin v25.1 - https:\/\/yoast.com\/wordpress\/plugins\/seo\/ -->\n<title>Registrace SpinBetter &gt; Jednoduch\u00fd krok k prvn\u00edm v\u00fdhr\u00e1m<\/title>\n<meta name=\"description\" content=\"Zaregistrujte se na SpinBetter a z\u00edskejte p\u0159\u00edstup k nejlep\u0161\u00edm s\u00e1zk\u00e1m, kasinov\u00fdm hr\u00e1m a exkluzivn\u00edm bonus\u016fm. Snadn\u00e1 registrace b\u011bhem minuty.\" \/>\n<meta name=\"robots\" content=\"index, follow, max-snippet:-1, max-image-preview:large, max-video-preview:-1\" \/>\n<meta property=\"og:locale\" content=\"cs_CZ\" \/>\n<meta property=\"og:type\" content=\"article\" \/>\n<meta property=\"og:title\" content=\"Registrace SpinBetter &gt; Jednoduch\u00fd krok k prvn\u00edm v\u00fdhr\u00e1m\" \/>\n<meta property=\"og:description\" content=\"Zaregistrujte se na SpinBetter a z\u00edskejte p\u0159\u00edstup k nejlep\u0161\u00edm s\u00e1zk\u00e1m, kasinov\u00fdm hr\u00e1m a exkluzivn\u00edm bonus\u016fm. Snadn\u00e1 registrace b\u011bhem minuty.\" \/>\n<meta property=\"og:url\" content=\"https:\/\/spinbetter.cafe\/cz\/registration\/\" \/>\n<meta property=\"og:site_name\" content=\"Spinbetter Cafe CZ\" \/>\n<meta property=\"article:modified_time\" content=\"2024-12-11T12:08:59+00:00\" \/>\n<meta name=\"twitter:card\" content=\"summary_large_image\" \/>\n<script type=\"application\/ld+json\" class=\"yoast-schema-graph\">{\"@context\":\"https:\/\/schema.org\",\"@graph\":[{\"@type\":\"WebPage\",\"@id\":\"https:\/\/spinbetter.cafe\/cz\/registration\/\",\"url\":\"https:\/\/spinbetter.cafe\/cz\/registration\/\",\"name\":\"Registrace SpinBetter > Jednoduch\u00fd krok k prvn\u00edm v\u00fdhr\u00e1m\",\"isPartOf\":{\"@id\":\"https:\/\/spinbetter.cafe\/cz\/#website\"},\"datePublished\":\"2024-11-14T09:46:51+00:00\",\"dateModified\":\"2024-12-11T12:08:59+00:00\",\"description\":\"Zaregistrujte se na SpinBetter a z\u00edskejte p\u0159\u00edstup k nejlep\u0161\u00edm s\u00e1zk\u00e1m, kasinov\u00fdm hr\u00e1m a exkluzivn\u00edm bonus\u016fm. Snadn\u00e1 registrace b\u011bhem minuty.\",\"breadcrumb\":{\"@id\":\"https:\/\/spinbetter.cafe\/cz\/registration\/#breadcrumb\"},\"inLanguage\":\"cs\",\"potentialAction\":[{\"@type\":\"ReadAction\",\"target\":[\"https:\/\/spinbetter.cafe\/cz\/registration\/\"]}]},{\"@type\":\"BreadcrumbList\",\"@id\":\"https:\/\/spinbetter.cafe\/cz\/registration\/#breadcrumb\",\"itemListElement\":[{\"@type\":\"ListItem\",\"position\":1,\"name\":\"\u0413\u043b\u0430\u0432\u043d\u0430\u044f \u0441\u0442\u0440\u0430\u043d\u0438\u0446\u0430\",\"item\":\"https:\/\/spinbetter.cafe\/cz\/\"},{\"@type\":\"ListItem\",\"position\":2,\"name\":\"Registrace\"}]},{\"@type\":\"WebSite\",\"@id\":\"https:\/\/spinbetter.cafe\/cz\/#website\",\"url\":\"https:\/\/spinbetter.cafe\/cz\/\",\"name\":\"Spinbetter Cafe CZ\",\"description\":\"\",\"potentialAction\":[{\"@type\":\"SearchAction\",\"target\":{\"@type\":\"EntryPoint\",\"urlTemplate\":\"https:\/\/spinbetter.cafe\/cz\/?s={search_term_string}\"},\"query-input\":{\"@type\":\"PropertyValueSpecification\",\"valueRequired\":true,\"valueName\":\"search_term_string\"}}],\"inLanguage\":\"cs\"}]}<\/script>\n<!-- \/ Yoast SEO plugin. -->","yoast_head_json":{"title":"Registrace SpinBetter > Jednoduch\u00fd krok k prvn\u00edm v\u00fdhr\u00e1m","description":"Zaregistrujte se na SpinBetter a z\u00edskejte p\u0159\u00edstup k nejlep\u0161\u00edm s\u00e1zk\u00e1m, kasinov\u00fdm hr\u00e1m a exkluzivn\u00edm bonus\u016fm. Snadn\u00e1 registrace b\u011bhem minuty.","robots":{"index":"index","follow":"follow","max-snippet":"max-snippet:-1","max-image-preview":"max-image-preview:large","max-video-preview":"max-video-preview:-1"},"og_locale":"cs_CZ","og_type":"article","og_title":"Registrace SpinBetter > Jednoduch\u00fd krok k prvn\u00edm v\u00fdhr\u00e1m","og_description":"Zaregistrujte se na SpinBetter a z\u00edskejte p\u0159\u00edstup k nejlep\u0161\u00edm s\u00e1zk\u00e1m, kasinov\u00fdm hr\u00e1m a exkluzivn\u00edm bonus\u016fm. Snadn\u00e1 registrace b\u011bhem minuty.","og_url":"https:\/\/spinbetter.cafe\/cz\/registration\/","og_site_name":"Spinbetter Cafe CZ","article_modified_time":"2024-12-11T12:08:59+00:00","twitter_card":"summary_large_image","schema":{"@context":"https:\/\/schema.org","@graph":[{"@type":"WebPage","@id":"https:\/\/spinbetter.cafe\/cz\/registration\/","url":"https:\/\/spinbetter.cafe\/cz\/registration\/","name":"Registrace SpinBetter > Jednoduch\u00fd krok k prvn\u00edm v\u00fdhr\u00e1m","isPartOf":{"@id":"https:\/\/spinbetter.cafe\/cz\/#website"},"datePublished":"2024-11-14T09:46:51+00:00","dateModified":"2024-12-11T12:08:59+00:00","description":"Zaregistrujte se na SpinBetter a z\u00edskejte p\u0159\u00edstup k nejlep\u0161\u00edm s\u00e1zk\u00e1m, kasinov\u00fdm hr\u00e1m a exkluzivn\u00edm bonus\u016fm. Snadn\u00e1 registrace b\u011bhem minuty.","breadcrumb":{"@id":"https:\/\/spinbetter.cafe\/cz\/registration\/#breadcrumb"},"inLanguage":"cs","potentialAction":[{"@type":"ReadAction","target":["https:\/\/spinbetter.cafe\/cz\/registration\/"]}]},{"@type":"BreadcrumbList","@id":"https:\/\/spinbetter.cafe\/cz\/registration\/#breadcrumb","itemListElement":[{"@type":"ListItem","position":1,"name":"\u0413\u043b\u0430\u0432\u043d\u0430\u044f \u0441\u0442\u0440\u0430\u043d\u0438\u0446\u0430","item":"https:\/\/spinbetter.cafe\/cz\/"},{"@type":"ListItem","position":2,"name":"Registrace"}]},{"@type":"WebSite","@id":"https:\/\/spinbetter.cafe\/cz\/#website","url":"https:\/\/spinbetter.cafe\/cz\/","name":"Spinbetter Cafe CZ","description":"","potentialAction":[{"@type":"SearchAction","target":{"@type":"EntryPoint","urlTemplate":"https:\/\/spinbetter.cafe\/cz\/?s={search_term_string}"},"query-input":{"@type":"PropertyValueSpecification","valueRequired":true,"valueName":"search_term_string"}}],"inLanguage":"cs"}]}},"_links":{"self":[{"href":"https:\/\/spinbetter.cafe\/cz\/wp-json\/wp\/v2\/pages\/236"}],"collection":[{"href":"https:\/\/spinbetter.cafe\/cz\/wp-json\/wp\/v2\/pages"}],"about":[{"href":"https:\/\/spinbetter.cafe\/cz\/wp-json\/wp\/v2\/types\/page"}],"author":[{"embeddable":true,"href":"https:\/\/spinbetter.cafe\/cz\/wp-json\/wp\/v2\/users\/1"}],"replies":[{"embeddable":true,"href":"https:\/\/spinbetter.cafe\/cz\/wp-json\/wp\/v2\/comments?post=236"}],"version-history":[{"count":13,"href":"https:\/\/spinbetter.cafe\/cz\/wp-json\/wp\/v2\/pages\/236\/revisions"}],"predecessor-version":[{"id":374,"href":"https:\/\/spinbetter.cafe\/cz\/wp-json\/wp\/v2\/pages\/236\/revisions\/374"}],"wp:attachment":[{"href":"https:\/\/spinbetter.cafe\/cz\/wp-json\/wp\/v2\/media?parent=236"}],"curies":[{"name":"wp","href":"https:\/\/api.w.org\/{rel}","templated":true}]}}