{"id":414,"date":"2025-06-06T07:55:41","date_gmt":"2025-06-06T07:55:41","guid":{"rendered":"https:\/\/spinbetter.cafe\/br\/?page_id=414"},"modified":"2025-06-06T07:55:49","modified_gmt":"2025-06-06T07:55:49","slug":"loyalty","status":"publish","type":"page","link":"https:\/\/spinbetter.cafe\/br\/bonus\/loyalty\/","title":{"rendered":"Lealdade"},"content":{"rendered":"","protected":false},"excerpt":{"rendered":"","protected":false},"author":1,"featured_media":0,"parent":152,"menu_order":0,"comment_status":"closed","ping_status":"closed","template":"","meta":{"footnotes":""},"class_list":["post-414","page","type-page","status-publish","hentry"],"yoast_head":"<!-- This site is optimized with the Yoast SEO plugin v25.1 - https:\/\/yoast.com\/wordpress\/plugins\/seo\/ -->\n<title>A fidelidade do Spinbetter vale a pena &gt; Ganhe 50% de b\u00f4nus + 100 rodadas gr\u00e1tis<\/title>\n<meta name=\"description\" content=\"A fidelidade tem suas vantagens no Spinbetter! Fa\u00e7a seu 10\u00ba dep\u00f3sito e ganhe um b\u00f4nus incr\u00edvel de 50%, al\u00e9m de at\u00e9 100 rodadas gr\u00e1tis! Voc\u00ea j\u00e1 est\u00e1 conosco \u2014 agora \u00e9 hora de aproveitar as recompensas. N\u00e3o perca esta oferta exclusiva!\" \/>\n<meta name=\"robots\" content=\"index, follow, max-snippet:-1, max-image-preview:large, max-video-preview:-1\" \/>\n<meta property=\"og:locale\" content=\"pt_BR\" \/>\n<meta property=\"og:type\" content=\"article\" \/>\n<meta property=\"og:title\" content=\"A fidelidade do Spinbetter vale a pena &gt; Ganhe 50% de b\u00f4nus + 100 rodadas gr\u00e1tis\" \/>\n<meta property=\"og:description\" content=\"A fidelidade tem suas vantagens no Spinbetter! Fa\u00e7a seu 10\u00ba dep\u00f3sito e ganhe um b\u00f4nus incr\u00edvel de 50%, al\u00e9m de at\u00e9 100 rodadas gr\u00e1tis! Voc\u00ea j\u00e1 est\u00e1 conosco \u2014 agora \u00e9 hora de aproveitar as recompensas. N\u00e3o perca esta oferta exclusiva!\" \/>\n<meta property=\"og:url\" content=\"https:\/\/spinbetter.cafe\/br\/bonus\/loyalty\/\" \/>\n<meta property=\"og:site_name\" content=\"Spinbetter Cafe BR\" \/>\n<meta property=\"article:modified_time\" content=\"2025-06-06T07:55:49+00:00\" \/>\n<meta name=\"twitter:card\" content=\"summary_large_image\" \/>\n<script type=\"application\/ld+json\" class=\"yoast-schema-graph\">{\"@context\":\"https:\/\/schema.org\",\"@graph\":[{\"@type\":\"WebPage\",\"@id\":\"https:\/\/spinbetter.cafe\/br\/bonus\/loyalty\/\",\"url\":\"https:\/\/spinbetter.cafe\/br\/bonus\/loyalty\/\",\"name\":\"A fidelidade do Spinbetter vale a pena > Ganhe 50% de b\u00f4nus + 100 rodadas gr\u00e1tis\",\"isPartOf\":{\"@id\":\"https:\/\/spinbetter.cafe\/br\/#website\"},\"datePublished\":\"2025-06-06T07:55:41+00:00\",\"dateModified\":\"2025-06-06T07:55:49+00:00\",\"description\":\"A fidelidade tem suas vantagens no Spinbetter! Fa\u00e7a seu 10\u00ba dep\u00f3sito e ganhe um b\u00f4nus incr\u00edvel de 50%, al\u00e9m de at\u00e9 100 rodadas gr\u00e1tis! Voc\u00ea j\u00e1 est\u00e1 conosco \u2014 agora \u00e9 hora de aproveitar as recompensas. N\u00e3o perca esta oferta exclusiva!\",\"breadcrumb\":{\"@id\":\"https:\/\/spinbetter.cafe\/br\/bonus\/loyalty\/#breadcrumb\"},\"inLanguage\":\"pt-BR\",\"potentialAction\":[{\"@type\":\"ReadAction\",\"target\":[\"https:\/\/spinbetter.cafe\/br\/bonus\/loyalty\/\"]}]},{\"@type\":\"BreadcrumbList\",\"@id\":\"https:\/\/spinbetter.cafe\/br\/bonus\/loyalty\/#breadcrumb\",\"itemListElement\":[{\"@type\":\"ListItem\",\"position\":1,\"name\":\"\u0413\u043b\u0430\u0432\u043d\u0430\u044f \u0441\u0442\u0440\u0430\u043d\u0438\u0446\u0430\",\"item\":\"https:\/\/spinbetter.cafe\/br\/\"},{\"@type\":\"ListItem\",\"position\":2,\"name\":\"B\u00f3nus\",\"item\":\"https:\/\/spinbetter.cafe\/br\/bonus\/\"},{\"@type\":\"ListItem\",\"position\":3,\"name\":\"Lealdade\"}]},{\"@type\":\"WebSite\",\"@id\":\"https:\/\/spinbetter.cafe\/br\/#website\",\"url\":\"https:\/\/spinbetter.cafe\/br\/\",\"name\":\"Spinbetter Cafe BR\",\"description\":\"\",\"potentialAction\":[{\"@type\":\"SearchAction\",\"target\":{\"@type\":\"EntryPoint\",\"urlTemplate\":\"https:\/\/spinbetter.cafe\/br\/?s={search_term_string}\"},\"query-input\":{\"@type\":\"PropertyValueSpecification\",\"valueRequired\":true,\"valueName\":\"search_term_string\"}}],\"inLanguage\":\"pt-BR\"}]}<\/script>\n<!-- \/ Yoast SEO plugin. -->","yoast_head_json":{"title":"A fidelidade do Spinbetter vale a pena > Ganhe 50% de b\u00f4nus + 100 rodadas gr\u00e1tis","description":"A fidelidade tem suas vantagens no Spinbetter! Fa\u00e7a seu 10\u00ba dep\u00f3sito e ganhe um b\u00f4nus incr\u00edvel de 50%, al\u00e9m de at\u00e9 100 rodadas gr\u00e1tis! Voc\u00ea j\u00e1 est\u00e1 conosco \u2014 agora \u00e9 hora de aproveitar as recompensas. N\u00e3o perca esta oferta exclusiva!","robots":{"index":"index","follow":"follow","max-snippet":"max-snippet:-1","max-image-preview":"max-image-preview:large","max-video-preview":"max-video-preview:-1"},"og_locale":"pt_BR","og_type":"article","og_title":"A fidelidade do Spinbetter vale a pena > Ganhe 50% de b\u00f4nus + 100 rodadas gr\u00e1tis","og_description":"A fidelidade tem suas vantagens no Spinbetter! Fa\u00e7a seu 10\u00ba dep\u00f3sito e ganhe um b\u00f4nus incr\u00edvel de 50%, al\u00e9m de at\u00e9 100 rodadas gr\u00e1tis! Voc\u00ea j\u00e1 est\u00e1 conosco \u2014 agora \u00e9 hora de aproveitar as recompensas. N\u00e3o perca esta oferta exclusiva!","og_url":"https:\/\/spinbetter.cafe\/br\/bonus\/loyalty\/","og_site_name":"Spinbetter Cafe BR","article_modified_time":"2025-06-06T07:55:49+00:00","twitter_card":"summary_large_image","schema":{"@context":"https:\/\/schema.org","@graph":[{"@type":"WebPage","@id":"https:\/\/spinbetter.cafe\/br\/bonus\/loyalty\/","url":"https:\/\/spinbetter.cafe\/br\/bonus\/loyalty\/","name":"A fidelidade do Spinbetter vale a pena > Ganhe 50% de b\u00f4nus + 100 rodadas gr\u00e1tis","isPartOf":{"@id":"https:\/\/spinbetter.cafe\/br\/#website"},"datePublished":"2025-06-06T07:55:41+00:00","dateModified":"2025-06-06T07:55:49+00:00","description":"A fidelidade tem suas vantagens no Spinbetter! Fa\u00e7a seu 10\u00ba dep\u00f3sito e ganhe um b\u00f4nus incr\u00edvel de 50%, al\u00e9m de at\u00e9 100 rodadas gr\u00e1tis! Voc\u00ea j\u00e1 est\u00e1 conosco \u2014 agora \u00e9 hora de aproveitar as recompensas. N\u00e3o perca esta oferta exclusiva!","breadcrumb":{"@id":"https:\/\/spinbetter.cafe\/br\/bonus\/loyalty\/#breadcrumb"},"inLanguage":"pt-BR","potentialAction":[{"@type":"ReadAction","target":["https:\/\/spinbetter.cafe\/br\/bonus\/loyalty\/"]}]},{"@type":"BreadcrumbList","@id":"https:\/\/spinbetter.cafe\/br\/bonus\/loyalty\/#breadcrumb","itemListElement":[{"@type":"ListItem","position":1,"name":"\u0413\u043b\u0430\u0432\u043d\u0430\u044f \u0441\u0442\u0440\u0430\u043d\u0438\u0446\u0430","item":"https:\/\/spinbetter.cafe\/br\/"},{"@type":"ListItem","position":2,"name":"B\u00f3nus","item":"https:\/\/spinbetter.cafe\/br\/bonus\/"},{"@type":"ListItem","position":3,"name":"Lealdade"}]},{"@type":"WebSite","@id":"https:\/\/spinbetter.cafe\/br\/#website","url":"https:\/\/spinbetter.cafe\/br\/","name":"Spinbetter Cafe BR","description":"","potentialAction":[{"@type":"SearchAction","target":{"@type":"EntryPoint","urlTemplate":"https:\/\/spinbetter.cafe\/br\/?s={search_term_string}"},"query-input":{"@type":"PropertyValueSpecification","valueRequired":true,"valueName":"search_term_string"}}],"inLanguage":"pt-BR"}]}},"_links":{"self":[{"href":"https:\/\/spinbetter.cafe\/br\/wp-json\/wp\/v2\/pages\/414"}],"collection":[{"href":"https:\/\/spinbetter.cafe\/br\/wp-json\/wp\/v2\/pages"}],"about":[{"href":"https:\/\/spinbetter.cafe\/br\/wp-json\/wp\/v2\/types\/page"}],"author":[{"embeddable":true,"href":"https:\/\/spinbetter.cafe\/br\/wp-json\/wp\/v2\/users\/1"}],"replies":[{"embeddable":true,"href":"https:\/\/spinbetter.cafe\/br\/wp-json\/wp\/v2\/comments?post=414"}],"version-history":[{"count":1,"href":"https:\/\/spinbetter.cafe\/br\/wp-json\/wp\/v2\/pages\/414\/revisions"}],"predecessor-version":[{"id":415,"href":"https:\/\/spinbetter.cafe\/br\/wp-json\/wp\/v2\/pages\/414\/revisions\/415"}],"up":[{"embeddable":true,"href":"https:\/\/spinbetter.cafe\/br\/wp-json\/wp\/v2\/pages\/152"}],"wp:attachment":[{"href":"https:\/\/spinbetter.cafe\/br\/wp-json\/wp\/v2\/media?parent=414"}],"curies":[{"name":"wp","href":"https:\/\/api.w.org\/{rel}","templated":true}]}}