{"id":410,"date":"2025-06-06T07:51:25","date_gmt":"2025-06-06T07:51:25","guid":{"rendered":"https:\/\/spinbetter.cafe\/br\/?page_id=410"},"modified":"2025-06-06T07:51:33","modified_gmt":"2025-06-06T07:51:33","slug":"welcome-madness","status":"publish","type":"page","link":"https:\/\/spinbetter.cafe\/br\/bonus\/welcome-madness\/","title":{"rendered":"Bem-vindo \u00e0 loucura"},"content":{"rendered":"","protected":false},"excerpt":{"rendered":"","protected":false},"author":1,"featured_media":0,"parent":152,"menu_order":0,"comment_status":"closed","ping_status":"closed","template":"","meta":{"footnotes":""},"class_list":["post-410","page","type-page","status-publish","hentry"],"yoast_head":"<!-- This site is optimized with the Yoast SEO plugin v25.1 - https:\/\/yoast.com\/wordpress\/plugins\/seo\/ -->\n<title>Pacote de Boas-Vindas da Spinbetter &gt; Ganhe \u20ac 1500 + 150 Rodadas Gr\u00e1tis<\/title>\n<meta name=\"description\" content=\"Junte-se \u00e0 Loucura de Boas-Vindas no Spinbetter! Ganhe incr\u00edveis \u20ac1500 + 150 Rodadas Gr\u00e1tis em nosso pacote explosivo para novos jogadores. Viva a emo\u00e7\u00e3o! N\u00e3o perca! Garanta seu b\u00f4nus!\" \/>\n<meta name=\"robots\" content=\"index, follow, max-snippet:-1, max-image-preview:large, max-video-preview:-1\" \/>\n<meta property=\"og:locale\" content=\"pt_BR\" \/>\n<meta property=\"og:type\" content=\"article\" \/>\n<meta property=\"og:title\" content=\"Pacote de Boas-Vindas da Spinbetter &gt; Ganhe \u20ac 1500 + 150 Rodadas Gr\u00e1tis\" \/>\n<meta property=\"og:description\" content=\"Junte-se \u00e0 Loucura de Boas-Vindas no Spinbetter! Ganhe incr\u00edveis \u20ac1500 + 150 Rodadas Gr\u00e1tis em nosso pacote explosivo para novos jogadores. Viva a emo\u00e7\u00e3o! N\u00e3o perca! Garanta seu b\u00f4nus!\" \/>\n<meta property=\"og:url\" content=\"https:\/\/spinbetter.cafe\/br\/bonus\/welcome-madness\/\" \/>\n<meta property=\"og:site_name\" content=\"Spinbetter Cafe BR\" \/>\n<meta property=\"article:modified_time\" content=\"2025-06-06T07:51:33+00:00\" \/>\n<meta name=\"twitter:card\" content=\"summary_large_image\" \/>\n<script type=\"application\/ld+json\" class=\"yoast-schema-graph\">{\"@context\":\"https:\/\/schema.org\",\"@graph\":[{\"@type\":\"WebPage\",\"@id\":\"https:\/\/spinbetter.cafe\/br\/bonus\/welcome-madness\/\",\"url\":\"https:\/\/spinbetter.cafe\/br\/bonus\/welcome-madness\/\",\"name\":\"Pacote de Boas-Vindas da Spinbetter > Ganhe \u20ac 1500 + 150 Rodadas Gr\u00e1tis\",\"isPartOf\":{\"@id\":\"https:\/\/spinbetter.cafe\/br\/#website\"},\"datePublished\":\"2025-06-06T07:51:25+00:00\",\"dateModified\":\"2025-06-06T07:51:33+00:00\",\"description\":\"Junte-se \u00e0 Loucura de Boas-Vindas no Spinbetter! Ganhe incr\u00edveis \u20ac1500 + 150 Rodadas Gr\u00e1tis em nosso pacote explosivo para novos jogadores. Viva a emo\u00e7\u00e3o! N\u00e3o perca! Garanta seu b\u00f4nus!\",\"breadcrumb\":{\"@id\":\"https:\/\/spinbetter.cafe\/br\/bonus\/welcome-madness\/#breadcrumb\"},\"inLanguage\":\"pt-BR\",\"potentialAction\":[{\"@type\":\"ReadAction\",\"target\":[\"https:\/\/spinbetter.cafe\/br\/bonus\/welcome-madness\/\"]}]},{\"@type\":\"BreadcrumbList\",\"@id\":\"https:\/\/spinbetter.cafe\/br\/bonus\/welcome-madness\/#breadcrumb\",\"itemListElement\":[{\"@type\":\"ListItem\",\"position\":1,\"name\":\"\u0413\u043b\u0430\u0432\u043d\u0430\u044f \u0441\u0442\u0440\u0430\u043d\u0438\u0446\u0430\",\"item\":\"https:\/\/spinbetter.cafe\/br\/\"},{\"@type\":\"ListItem\",\"position\":2,\"name\":\"B\u00f3nus\",\"item\":\"https:\/\/spinbetter.cafe\/br\/bonus\/\"},{\"@type\":\"ListItem\",\"position\":3,\"name\":\"Bem-vindo \u00e0 loucura\"}]},{\"@type\":\"WebSite\",\"@id\":\"https:\/\/spinbetter.cafe\/br\/#website\",\"url\":\"https:\/\/spinbetter.cafe\/br\/\",\"name\":\"Spinbetter Cafe BR\",\"description\":\"\",\"potentialAction\":[{\"@type\":\"SearchAction\",\"target\":{\"@type\":\"EntryPoint\",\"urlTemplate\":\"https:\/\/spinbetter.cafe\/br\/?s={search_term_string}\"},\"query-input\":{\"@type\":\"PropertyValueSpecification\",\"valueRequired\":true,\"valueName\":\"search_term_string\"}}],\"inLanguage\":\"pt-BR\"}]}<\/script>\n<!-- \/ Yoast SEO plugin. -->","yoast_head_json":{"title":"Pacote de Boas-Vindas da Spinbetter > Ganhe \u20ac 1500 + 150 Rodadas Gr\u00e1tis","description":"Junte-se \u00e0 Loucura de Boas-Vindas no Spinbetter! Ganhe incr\u00edveis \u20ac1500 + 150 Rodadas Gr\u00e1tis em nosso pacote explosivo para novos jogadores. Viva a emo\u00e7\u00e3o! N\u00e3o perca! Garanta seu b\u00f4nus!","robots":{"index":"index","follow":"follow","max-snippet":"max-snippet:-1","max-image-preview":"max-image-preview:large","max-video-preview":"max-video-preview:-1"},"og_locale":"pt_BR","og_type":"article","og_title":"Pacote de Boas-Vindas da Spinbetter > Ganhe \u20ac 1500 + 150 Rodadas Gr\u00e1tis","og_description":"Junte-se \u00e0 Loucura de Boas-Vindas no Spinbetter! Ganhe incr\u00edveis \u20ac1500 + 150 Rodadas Gr\u00e1tis em nosso pacote explosivo para novos jogadores. Viva a emo\u00e7\u00e3o! N\u00e3o perca! Garanta seu b\u00f4nus!","og_url":"https:\/\/spinbetter.cafe\/br\/bonus\/welcome-madness\/","og_site_name":"Spinbetter Cafe BR","article_modified_time":"2025-06-06T07:51:33+00:00","twitter_card":"summary_large_image","schema":{"@context":"https:\/\/schema.org","@graph":[{"@type":"WebPage","@id":"https:\/\/spinbetter.cafe\/br\/bonus\/welcome-madness\/","url":"https:\/\/spinbetter.cafe\/br\/bonus\/welcome-madness\/","name":"Pacote de Boas-Vindas da Spinbetter > Ganhe \u20ac 1500 + 150 Rodadas Gr\u00e1tis","isPartOf":{"@id":"https:\/\/spinbetter.cafe\/br\/#website"},"datePublished":"2025-06-06T07:51:25+00:00","dateModified":"2025-06-06T07:51:33+00:00","description":"Junte-se \u00e0 Loucura de Boas-Vindas no Spinbetter! Ganhe incr\u00edveis \u20ac1500 + 150 Rodadas Gr\u00e1tis em nosso pacote explosivo para novos jogadores. Viva a emo\u00e7\u00e3o! N\u00e3o perca! Garanta seu b\u00f4nus!","breadcrumb":{"@id":"https:\/\/spinbetter.cafe\/br\/bonus\/welcome-madness\/#breadcrumb"},"inLanguage":"pt-BR","potentialAction":[{"@type":"ReadAction","target":["https:\/\/spinbetter.cafe\/br\/bonus\/welcome-madness\/"]}]},{"@type":"BreadcrumbList","@id":"https:\/\/spinbetter.cafe\/br\/bonus\/welcome-madness\/#breadcrumb","itemListElement":[{"@type":"ListItem","position":1,"name":"\u0413\u043b\u0430\u0432\u043d\u0430\u044f \u0441\u0442\u0440\u0430\u043d\u0438\u0446\u0430","item":"https:\/\/spinbetter.cafe\/br\/"},{"@type":"ListItem","position":2,"name":"B\u00f3nus","item":"https:\/\/spinbetter.cafe\/br\/bonus\/"},{"@type":"ListItem","position":3,"name":"Bem-vindo \u00e0 loucura"}]},{"@type":"WebSite","@id":"https:\/\/spinbetter.cafe\/br\/#website","url":"https:\/\/spinbetter.cafe\/br\/","name":"Spinbetter Cafe BR","description":"","potentialAction":[{"@type":"SearchAction","target":{"@type":"EntryPoint","urlTemplate":"https:\/\/spinbetter.cafe\/br\/?s={search_term_string}"},"query-input":{"@type":"PropertyValueSpecification","valueRequired":true,"valueName":"search_term_string"}}],"inLanguage":"pt-BR"}]}},"_links":{"self":[{"href":"https:\/\/spinbetter.cafe\/br\/wp-json\/wp\/v2\/pages\/410"}],"collection":[{"href":"https:\/\/spinbetter.cafe\/br\/wp-json\/wp\/v2\/pages"}],"about":[{"href":"https:\/\/spinbetter.cafe\/br\/wp-json\/wp\/v2\/types\/page"}],"author":[{"embeddable":true,"href":"https:\/\/spinbetter.cafe\/br\/wp-json\/wp\/v2\/users\/1"}],"replies":[{"embeddable":true,"href":"https:\/\/spinbetter.cafe\/br\/wp-json\/wp\/v2\/comments?post=410"}],"version-history":[{"count":1,"href":"https:\/\/spinbetter.cafe\/br\/wp-json\/wp\/v2\/pages\/410\/revisions"}],"predecessor-version":[{"id":411,"href":"https:\/\/spinbetter.cafe\/br\/wp-json\/wp\/v2\/pages\/410\/revisions\/411"}],"up":[{"embeddable":true,"href":"https:\/\/spinbetter.cafe\/br\/wp-json\/wp\/v2\/pages\/152"}],"wp:attachment":[{"href":"https:\/\/spinbetter.cafe\/br\/wp-json\/wp\/v2\/media?parent=410"}],"curies":[{"name":"wp","href":"https:\/\/api.w.org\/{rel}","templated":true}]}}