{"id":414,"date":"2025-06-04T06:31:40","date_gmt":"2025-06-04T06:31:40","guid":{"rendered":"https:\/\/spinbetter.cafe\/bf\/?page_id=414"},"modified":"2025-06-04T06:31:53","modified_gmt":"2025-06-04T06:31:53","slug":"subscribe-telegram","status":"publish","type":"page","link":"https:\/\/spinbetter.cafe\/bf\/bonus\/subscribe-telegram\/","title":{"rendered":"Abonnez-vous \u00e0 Telegram"},"content":{"rendered":"","protected":false},"excerpt":{"rendered":"","protected":false},"author":1,"featured_media":0,"parent":152,"menu_order":0,"comment_status":"closed","ping_status":"closed","template":"","meta":{"footnotes":""},"class_list":["post-414","page","type-page","status-publish","hentry"],"yoast_head":"<!-- This site is optimized with the Yoast SEO plugin v25.1 - https:\/\/yoast.com\/wordpress\/plugins\/seo\/ -->\n<title>Rejoignez la cha\u00eene Telegram de SpinBetter et obtenez 100 tours gratuits<\/title>\n<meta name=\"description\" content=\"Ne ratez rien ! Abonnez-vous \u00e0 notre nouvelle cha\u00eene Telegram SpinBetter et obtenez 100 tours gratuits instantan\u00e9ment ! Rejoignez-nous d\u00e8s maintenant pour profiter de promotions exclusives, de cadeaux exceptionnels et d&#039;avantages exclusifs r\u00e9serv\u00e9s \u00e0 notre communaut\u00e9.\" \/>\n<meta name=\"robots\" content=\"index, follow, max-snippet:-1, max-image-preview:large, max-video-preview:-1\" \/>\n<meta property=\"og:locale\" content=\"en_US\" \/>\n<meta property=\"og:type\" content=\"article\" \/>\n<meta property=\"og:title\" content=\"Rejoignez la cha\u00eene Telegram de SpinBetter et obtenez 100 tours gratuits\" \/>\n<meta property=\"og:description\" content=\"Ne ratez rien ! Abonnez-vous \u00e0 notre nouvelle cha\u00eene Telegram SpinBetter et obtenez 100 tours gratuits instantan\u00e9ment ! Rejoignez-nous d\u00e8s maintenant pour profiter de promotions exclusives, de cadeaux exceptionnels et d&#039;avantages exclusifs r\u00e9serv\u00e9s \u00e0 notre communaut\u00e9.\" \/>\n<meta property=\"og:url\" content=\"https:\/\/spinbetter.cafe\/bf\/bonus\/subscribe-telegram\/\" \/>\n<meta property=\"og:site_name\" content=\"Spinbetter Cafe BF\" \/>\n<meta property=\"article:modified_time\" content=\"2025-06-04T06:31:53+00:00\" \/>\n<meta name=\"twitter:card\" content=\"summary_large_image\" \/>\n<script type=\"application\/ld+json\" class=\"yoast-schema-graph\">{\"@context\":\"https:\/\/schema.org\",\"@graph\":[{\"@type\":\"WebPage\",\"@id\":\"https:\/\/spinbetter.cafe\/bf\/bonus\/subscribe-telegram\/\",\"url\":\"https:\/\/spinbetter.cafe\/bf\/bonus\/subscribe-telegram\/\",\"name\":\"Rejoignez la cha\u00eene Telegram de SpinBetter et obtenez 100 tours gratuits\",\"isPartOf\":{\"@id\":\"https:\/\/spinbetter.cafe\/bf\/#website\"},\"datePublished\":\"2025-06-04T06:31:40+00:00\",\"dateModified\":\"2025-06-04T06:31:53+00:00\",\"description\":\"Ne ratez rien ! Abonnez-vous \u00e0 notre nouvelle cha\u00eene Telegram SpinBetter et obtenez 100 tours gratuits instantan\u00e9ment ! Rejoignez-nous d\u00e8s maintenant pour profiter de promotions exclusives, de cadeaux exceptionnels et d'avantages exclusifs r\u00e9serv\u00e9s \u00e0 notre communaut\u00e9.\",\"breadcrumb\":{\"@id\":\"https:\/\/spinbetter.cafe\/bf\/bonus\/subscribe-telegram\/#breadcrumb\"},\"inLanguage\":\"be\",\"potentialAction\":[{\"@type\":\"ReadAction\",\"target\":[\"https:\/\/spinbetter.cafe\/bf\/bonus\/subscribe-telegram\/\"]}]},{\"@type\":\"BreadcrumbList\",\"@id\":\"https:\/\/spinbetter.cafe\/bf\/bonus\/subscribe-telegram\/#breadcrumb\",\"itemListElement\":[{\"@type\":\"ListItem\",\"position\":1,\"name\":\"\u0413\u043b\u0430\u0432\u043d\u0430\u044f \u0441\u0442\u0440\u0430\u043d\u0438\u0446\u0430\",\"item\":\"https:\/\/spinbetter.cafe\/bf\/\"},{\"@type\":\"ListItem\",\"position\":2,\"name\":\"Bonus\",\"item\":\"https:\/\/spinbetter.cafe\/bf\/bonus\/\"},{\"@type\":\"ListItem\",\"position\":3,\"name\":\"Abonnez-vous \u00e0 Telegram\"}]},{\"@type\":\"WebSite\",\"@id\":\"https:\/\/spinbetter.cafe\/bf\/#website\",\"url\":\"https:\/\/spinbetter.cafe\/bf\/\",\"name\":\"Spinbetter Cafe BF\",\"description\":\"\",\"potentialAction\":[{\"@type\":\"SearchAction\",\"target\":{\"@type\":\"EntryPoint\",\"urlTemplate\":\"https:\/\/spinbetter.cafe\/bf\/?s={search_term_string}\"},\"query-input\":{\"@type\":\"PropertyValueSpecification\",\"valueRequired\":true,\"valueName\":\"search_term_string\"}}],\"inLanguage\":\"be\"}]}<\/script>\n<!-- \/ Yoast SEO plugin. -->","yoast_head_json":{"title":"Rejoignez la cha\u00eene Telegram de SpinBetter et obtenez 100 tours gratuits","description":"Ne ratez rien ! Abonnez-vous \u00e0 notre nouvelle cha\u00eene Telegram SpinBetter et obtenez 100 tours gratuits instantan\u00e9ment ! Rejoignez-nous d\u00e8s maintenant pour profiter de promotions exclusives, de cadeaux exceptionnels et d'avantages exclusifs r\u00e9serv\u00e9s \u00e0 notre communaut\u00e9.","robots":{"index":"index","follow":"follow","max-snippet":"max-snippet:-1","max-image-preview":"max-image-preview:large","max-video-preview":"max-video-preview:-1"},"og_locale":"en_US","og_type":"article","og_title":"Rejoignez la cha\u00eene Telegram de SpinBetter et obtenez 100 tours gratuits","og_description":"Ne ratez rien ! Abonnez-vous \u00e0 notre nouvelle cha\u00eene Telegram SpinBetter et obtenez 100 tours gratuits instantan\u00e9ment ! Rejoignez-nous d\u00e8s maintenant pour profiter de promotions exclusives, de cadeaux exceptionnels et d'avantages exclusifs r\u00e9serv\u00e9s \u00e0 notre communaut\u00e9.","og_url":"https:\/\/spinbetter.cafe\/bf\/bonus\/subscribe-telegram\/","og_site_name":"Spinbetter Cafe BF","article_modified_time":"2025-06-04T06:31:53+00:00","twitter_card":"summary_large_image","schema":{"@context":"https:\/\/schema.org","@graph":[{"@type":"WebPage","@id":"https:\/\/spinbetter.cafe\/bf\/bonus\/subscribe-telegram\/","url":"https:\/\/spinbetter.cafe\/bf\/bonus\/subscribe-telegram\/","name":"Rejoignez la cha\u00eene Telegram de SpinBetter et obtenez 100 tours gratuits","isPartOf":{"@id":"https:\/\/spinbetter.cafe\/bf\/#website"},"datePublished":"2025-06-04T06:31:40+00:00","dateModified":"2025-06-04T06:31:53+00:00","description":"Ne ratez rien ! Abonnez-vous \u00e0 notre nouvelle cha\u00eene Telegram SpinBetter et obtenez 100 tours gratuits instantan\u00e9ment ! Rejoignez-nous d\u00e8s maintenant pour profiter de promotions exclusives, de cadeaux exceptionnels et d'avantages exclusifs r\u00e9serv\u00e9s \u00e0 notre communaut\u00e9.","breadcrumb":{"@id":"https:\/\/spinbetter.cafe\/bf\/bonus\/subscribe-telegram\/#breadcrumb"},"inLanguage":"be","potentialAction":[{"@type":"ReadAction","target":["https:\/\/spinbetter.cafe\/bf\/bonus\/subscribe-telegram\/"]}]},{"@type":"BreadcrumbList","@id":"https:\/\/spinbetter.cafe\/bf\/bonus\/subscribe-telegram\/#breadcrumb","itemListElement":[{"@type":"ListItem","position":1,"name":"\u0413\u043b\u0430\u0432\u043d\u0430\u044f \u0441\u0442\u0440\u0430\u043d\u0438\u0446\u0430","item":"https:\/\/spinbetter.cafe\/bf\/"},{"@type":"ListItem","position":2,"name":"Bonus","item":"https:\/\/spinbetter.cafe\/bf\/bonus\/"},{"@type":"ListItem","position":3,"name":"Abonnez-vous \u00e0 Telegram"}]},{"@type":"WebSite","@id":"https:\/\/spinbetter.cafe\/bf\/#website","url":"https:\/\/spinbetter.cafe\/bf\/","name":"Spinbetter Cafe BF","description":"","potentialAction":[{"@type":"SearchAction","target":{"@type":"EntryPoint","urlTemplate":"https:\/\/spinbetter.cafe\/bf\/?s={search_term_string}"},"query-input":{"@type":"PropertyValueSpecification","valueRequired":true,"valueName":"search_term_string"}}],"inLanguage":"be"}]}},"_links":{"self":[{"href":"https:\/\/spinbetter.cafe\/bf\/wp-json\/wp\/v2\/pages\/414"}],"collection":[{"href":"https:\/\/spinbetter.cafe\/bf\/wp-json\/wp\/v2\/pages"}],"about":[{"href":"https:\/\/spinbetter.cafe\/bf\/wp-json\/wp\/v2\/types\/page"}],"author":[{"embeddable":true,"href":"https:\/\/spinbetter.cafe\/bf\/wp-json\/wp\/v2\/users\/1"}],"replies":[{"embeddable":true,"href":"https:\/\/spinbetter.cafe\/bf\/wp-json\/wp\/v2\/comments?post=414"}],"version-history":[{"count":1,"href":"https:\/\/spinbetter.cafe\/bf\/wp-json\/wp\/v2\/pages\/414\/revisions"}],"predecessor-version":[{"id":415,"href":"https:\/\/spinbetter.cafe\/bf\/wp-json\/wp\/v2\/pages\/414\/revisions\/415"}],"up":[{"embeddable":true,"href":"https:\/\/spinbetter.cafe\/bf\/wp-json\/wp\/v2\/pages\/152"}],"wp:attachment":[{"href":"https:\/\/spinbetter.cafe\/bf\/wp-json\/wp\/v2\/media?parent=414"}],"curies":[{"name":"wp","href":"https:\/\/api.w.org\/{rel}","templated":true}]}}