{"id":410,"date":"2025-06-04T06:25:52","date_gmt":"2025-06-04T06:25:52","guid":{"rendered":"https:\/\/spinbetter.cafe\/bf\/?page_id=410"},"modified":"2025-06-04T06:26:01","modified_gmt":"2025-06-04T06:26:01","slug":"1st-deposit","status":"publish","type":"page","link":"https:\/\/spinbetter.cafe\/bf\/bonus\/1st-deposit\/","title":{"rendered":"1er d\u00e9p\u00f4t"},"content":{"rendered":"","protected":false},"excerpt":{"rendered":"","protected":false},"author":1,"featured_media":0,"parent":152,"menu_order":0,"comment_status":"closed","ping_status":"closed","template":"","meta":{"footnotes":""},"class_list":["post-410","page","type-page","status-publish","hentry"],"yoast_head":"<!-- This site is optimized with the Yoast SEO plugin v25.1 - https:\/\/yoast.com\/wordpress\/plugins\/seo\/ -->\n<title>Bonus de bienvenue Spinbetter pour les nouveaux joueurs &gt; Obtenez 100 % jusqu&#039;\u00e0 1\u00a0500 \u20ac<\/title>\n<meta name=\"description\" content=\"Pr\u00e9parez-vous \u00e0 passer au niveau sup\u00e9rieur avec un bonus exceptionnel de 100 % jusqu&#039;\u00e0 1\u00a0500 \u20ac sur votre premier d\u00e9p\u00f4t\u00a0! Ce n&#039;est pas seulement un cadeau de bienvenue, c&#039;est une v\u00e9ritable r\u00e9volution. Saisissez l&#039;occasion et doublez votre mise\u00a0! Ne laissez pas passer cette opportunit\u00e9\u00a0!\" \/>\n<meta name=\"robots\" content=\"index, follow, max-snippet:-1, max-image-preview:large, max-video-preview:-1\" \/>\n<meta property=\"og:locale\" content=\"en_US\" \/>\n<meta property=\"og:type\" content=\"article\" \/>\n<meta property=\"og:title\" content=\"Bonus de bienvenue Spinbetter pour les nouveaux joueurs &gt; Obtenez 100 % jusqu&#039;\u00e0 1\u00a0500 \u20ac\" \/>\n<meta property=\"og:description\" content=\"Pr\u00e9parez-vous \u00e0 passer au niveau sup\u00e9rieur avec un bonus exceptionnel de 100 % jusqu&#039;\u00e0 1\u00a0500 \u20ac sur votre premier d\u00e9p\u00f4t\u00a0! Ce n&#039;est pas seulement un cadeau de bienvenue, c&#039;est une v\u00e9ritable r\u00e9volution. Saisissez l&#039;occasion et doublez votre mise\u00a0! Ne laissez pas passer cette opportunit\u00e9\u00a0!\" \/>\n<meta property=\"og:url\" content=\"https:\/\/spinbetter.cafe\/bf\/bonus\/1st-deposit\/\" \/>\n<meta property=\"og:site_name\" content=\"Spinbetter Cafe BF\" \/>\n<meta property=\"article:modified_time\" content=\"2025-06-04T06:26:01+00:00\" \/>\n<meta name=\"twitter:card\" content=\"summary_large_image\" \/>\n<script type=\"application\/ld+json\" class=\"yoast-schema-graph\">{\"@context\":\"https:\/\/schema.org\",\"@graph\":[{\"@type\":\"WebPage\",\"@id\":\"https:\/\/spinbetter.cafe\/bf\/bonus\/1st-deposit\/\",\"url\":\"https:\/\/spinbetter.cafe\/bf\/bonus\/1st-deposit\/\",\"name\":\"Bonus de bienvenue Spinbetter pour les nouveaux joueurs > Obtenez 100 % jusqu'\u00e0 1\u00a0500 \u20ac\",\"isPartOf\":{\"@id\":\"https:\/\/spinbetter.cafe\/bf\/#website\"},\"datePublished\":\"2025-06-04T06:25:52+00:00\",\"dateModified\":\"2025-06-04T06:26:01+00:00\",\"description\":\"Pr\u00e9parez-vous \u00e0 passer au niveau sup\u00e9rieur avec un bonus exceptionnel de 100 % jusqu'\u00e0 1\u00a0500 \u20ac sur votre premier d\u00e9p\u00f4t\u00a0! Ce n'est pas seulement un cadeau de bienvenue, c'est une v\u00e9ritable r\u00e9volution. Saisissez l'occasion et doublez votre mise\u00a0! Ne laissez pas passer cette opportunit\u00e9\u00a0!\",\"breadcrumb\":{\"@id\":\"https:\/\/spinbetter.cafe\/bf\/bonus\/1st-deposit\/#breadcrumb\"},\"inLanguage\":\"be\",\"potentialAction\":[{\"@type\":\"ReadAction\",\"target\":[\"https:\/\/spinbetter.cafe\/bf\/bonus\/1st-deposit\/\"]}]},{\"@type\":\"BreadcrumbList\",\"@id\":\"https:\/\/spinbetter.cafe\/bf\/bonus\/1st-deposit\/#breadcrumb\",\"itemListElement\":[{\"@type\":\"ListItem\",\"position\":1,\"name\":\"\u0413\u043b\u0430\u0432\u043d\u0430\u044f \u0441\u0442\u0440\u0430\u043d\u0438\u0446\u0430\",\"item\":\"https:\/\/spinbetter.cafe\/bf\/\"},{\"@type\":\"ListItem\",\"position\":2,\"name\":\"Bonus\",\"item\":\"https:\/\/spinbetter.cafe\/bf\/bonus\/\"},{\"@type\":\"ListItem\",\"position\":3,\"name\":\"1er d\u00e9p\u00f4t\"}]},{\"@type\":\"WebSite\",\"@id\":\"https:\/\/spinbetter.cafe\/bf\/#website\",\"url\":\"https:\/\/spinbetter.cafe\/bf\/\",\"name\":\"Spinbetter Cafe BF\",\"description\":\"\",\"potentialAction\":[{\"@type\":\"SearchAction\",\"target\":{\"@type\":\"EntryPoint\",\"urlTemplate\":\"https:\/\/spinbetter.cafe\/bf\/?s={search_term_string}\"},\"query-input\":{\"@type\":\"PropertyValueSpecification\",\"valueRequired\":true,\"valueName\":\"search_term_string\"}}],\"inLanguage\":\"be\"}]}<\/script>\n<!-- \/ Yoast SEO plugin. -->","yoast_head_json":{"title":"Bonus de bienvenue Spinbetter pour les nouveaux joueurs > Obtenez 100 % jusqu'\u00e0 1\u00a0500 \u20ac","description":"Pr\u00e9parez-vous \u00e0 passer au niveau sup\u00e9rieur avec un bonus exceptionnel de 100 % jusqu'\u00e0 1\u00a0500 \u20ac sur votre premier d\u00e9p\u00f4t\u00a0! Ce n'est pas seulement un cadeau de bienvenue, c'est une v\u00e9ritable r\u00e9volution. Saisissez l'occasion et doublez votre mise\u00a0! Ne laissez pas passer cette opportunit\u00e9\u00a0!","robots":{"index":"index","follow":"follow","max-snippet":"max-snippet:-1","max-image-preview":"max-image-preview:large","max-video-preview":"max-video-preview:-1"},"og_locale":"en_US","og_type":"article","og_title":"Bonus de bienvenue Spinbetter pour les nouveaux joueurs > Obtenez 100 % jusqu'\u00e0 1\u00a0500 \u20ac","og_description":"Pr\u00e9parez-vous \u00e0 passer au niveau sup\u00e9rieur avec un bonus exceptionnel de 100 % jusqu'\u00e0 1\u00a0500 \u20ac sur votre premier d\u00e9p\u00f4t\u00a0! Ce n'est pas seulement un cadeau de bienvenue, c'est une v\u00e9ritable r\u00e9volution. Saisissez l'occasion et doublez votre mise\u00a0! Ne laissez pas passer cette opportunit\u00e9\u00a0!","og_url":"https:\/\/spinbetter.cafe\/bf\/bonus\/1st-deposit\/","og_site_name":"Spinbetter Cafe BF","article_modified_time":"2025-06-04T06:26:01+00:00","twitter_card":"summary_large_image","schema":{"@context":"https:\/\/schema.org","@graph":[{"@type":"WebPage","@id":"https:\/\/spinbetter.cafe\/bf\/bonus\/1st-deposit\/","url":"https:\/\/spinbetter.cafe\/bf\/bonus\/1st-deposit\/","name":"Bonus de bienvenue Spinbetter pour les nouveaux joueurs > Obtenez 100 % jusqu'\u00e0 1\u00a0500 \u20ac","isPartOf":{"@id":"https:\/\/spinbetter.cafe\/bf\/#website"},"datePublished":"2025-06-04T06:25:52+00:00","dateModified":"2025-06-04T06:26:01+00:00","description":"Pr\u00e9parez-vous \u00e0 passer au niveau sup\u00e9rieur avec un bonus exceptionnel de 100 % jusqu'\u00e0 1\u00a0500 \u20ac sur votre premier d\u00e9p\u00f4t\u00a0! Ce n'est pas seulement un cadeau de bienvenue, c'est une v\u00e9ritable r\u00e9volution. Saisissez l'occasion et doublez votre mise\u00a0! Ne laissez pas passer cette opportunit\u00e9\u00a0!","breadcrumb":{"@id":"https:\/\/spinbetter.cafe\/bf\/bonus\/1st-deposit\/#breadcrumb"},"inLanguage":"be","potentialAction":[{"@type":"ReadAction","target":["https:\/\/spinbetter.cafe\/bf\/bonus\/1st-deposit\/"]}]},{"@type":"BreadcrumbList","@id":"https:\/\/spinbetter.cafe\/bf\/bonus\/1st-deposit\/#breadcrumb","itemListElement":[{"@type":"ListItem","position":1,"name":"\u0413\u043b\u0430\u0432\u043d\u0430\u044f \u0441\u0442\u0440\u0430\u043d\u0438\u0446\u0430","item":"https:\/\/spinbetter.cafe\/bf\/"},{"@type":"ListItem","position":2,"name":"Bonus","item":"https:\/\/spinbetter.cafe\/bf\/bonus\/"},{"@type":"ListItem","position":3,"name":"1er d\u00e9p\u00f4t"}]},{"@type":"WebSite","@id":"https:\/\/spinbetter.cafe\/bf\/#website","url":"https:\/\/spinbetter.cafe\/bf\/","name":"Spinbetter Cafe BF","description":"","potentialAction":[{"@type":"SearchAction","target":{"@type":"EntryPoint","urlTemplate":"https:\/\/spinbetter.cafe\/bf\/?s={search_term_string}"},"query-input":{"@type":"PropertyValueSpecification","valueRequired":true,"valueName":"search_term_string"}}],"inLanguage":"be"}]}},"_links":{"self":[{"href":"https:\/\/spinbetter.cafe\/bf\/wp-json\/wp\/v2\/pages\/410"}],"collection":[{"href":"https:\/\/spinbetter.cafe\/bf\/wp-json\/wp\/v2\/pages"}],"about":[{"href":"https:\/\/spinbetter.cafe\/bf\/wp-json\/wp\/v2\/types\/page"}],"author":[{"embeddable":true,"href":"https:\/\/spinbetter.cafe\/bf\/wp-json\/wp\/v2\/users\/1"}],"replies":[{"embeddable":true,"href":"https:\/\/spinbetter.cafe\/bf\/wp-json\/wp\/v2\/comments?post=410"}],"version-history":[{"count":1,"href":"https:\/\/spinbetter.cafe\/bf\/wp-json\/wp\/v2\/pages\/410\/revisions"}],"predecessor-version":[{"id":411,"href":"https:\/\/spinbetter.cafe\/bf\/wp-json\/wp\/v2\/pages\/410\/revisions\/411"}],"up":[{"embeddable":true,"href":"https:\/\/spinbetter.cafe\/bf\/wp-json\/wp\/v2\/pages\/152"}],"wp:attachment":[{"href":"https:\/\/spinbetter.cafe\/bf\/wp-json\/wp\/v2\/media?parent=410"}],"curies":[{"name":"wp","href":"https:\/\/api.w.org\/{rel}","templated":true}]}}