{"id":402,"date":"2025-06-02T09:59:43","date_gmt":"2025-06-02T09:59:43","guid":{"rendered":"https:\/\/spinbetter.cafe\/bf\/?page_id=402"},"modified":"2025-06-02T10:00:11","modified_gmt":"2025-06-02T10:00:11","slug":"vote-for-sports","status":"publish","type":"page","link":"https:\/\/spinbetter.cafe\/bf\/bonus\/vote-for-sports\/","title":{"rendered":"Votez pour le sport"},"content":{"rendered":"","protected":false},"excerpt":{"rendered":"","protected":false},"author":1,"featured_media":0,"parent":152,"menu_order":0,"comment_status":"closed","ping_status":"closed","template":"","meta":{"footnotes":""},"class_list":["post-402","page","type-page","status-publish","hentry"],"yoast_head":"<!-- This site is optimized with the Yoast SEO plugin v25.1 - https:\/\/yoast.com\/wordpress\/plugins\/seo\/ -->\n<title>Votez pour SpinBetter sport &gt; paris gratuits jusqu&#039;\u00e0 200 \u20ac<\/title>\n<meta name=\"description\" content=\"Choisissez votre discipline pr\u00e9f\u00e9r\u00e9e au casino SpinBetter et obtenez un pari gratuit jusqu&#039;\u00e0 200 EUR. Des conditions simples, un bonus rapide et une chance de gagner encore plus\u00a0!\" \/>\n<meta name=\"robots\" content=\"index, follow, max-snippet:-1, max-image-preview:large, max-video-preview:-1\" \/>\n<meta property=\"og:locale\" content=\"en_US\" \/>\n<meta property=\"og:type\" content=\"article\" \/>\n<meta property=\"og:title\" content=\"Votez pour SpinBetter sport &gt; paris gratuits jusqu&#039;\u00e0 200 \u20ac\" \/>\n<meta property=\"og:description\" content=\"Choisissez votre discipline pr\u00e9f\u00e9r\u00e9e au casino SpinBetter et obtenez un pari gratuit jusqu&#039;\u00e0 200 EUR. Des conditions simples, un bonus rapide et une chance de gagner encore plus\u00a0!\" \/>\n<meta property=\"og:url\" content=\"https:\/\/spinbetter.cafe\/bf\/bonus\/vote-for-sports\/\" \/>\n<meta property=\"og:site_name\" content=\"Spinbetter Cafe BF\" \/>\n<meta property=\"article:modified_time\" content=\"2025-06-02T10:00:11+00:00\" \/>\n<meta name=\"twitter:card\" content=\"summary_large_image\" \/>\n<script type=\"application\/ld+json\" class=\"yoast-schema-graph\">{\"@context\":\"https:\/\/schema.org\",\"@graph\":[{\"@type\":\"WebPage\",\"@id\":\"https:\/\/spinbetter.cafe\/bf\/bonus\/vote-for-sports\/\",\"url\":\"https:\/\/spinbetter.cafe\/bf\/bonus\/vote-for-sports\/\",\"name\":\"Votez pour SpinBetter sport > paris gratuits jusqu'\u00e0 200 \u20ac\",\"isPartOf\":{\"@id\":\"https:\/\/spinbetter.cafe\/bf\/#website\"},\"datePublished\":\"2025-06-02T09:59:43+00:00\",\"dateModified\":\"2025-06-02T10:00:11+00:00\",\"description\":\"Choisissez votre discipline pr\u00e9f\u00e9r\u00e9e au casino SpinBetter et obtenez un pari gratuit jusqu'\u00e0 200 EUR. Des conditions simples, un bonus rapide et une chance de gagner encore plus\u00a0!\",\"breadcrumb\":{\"@id\":\"https:\/\/spinbetter.cafe\/bf\/bonus\/vote-for-sports\/#breadcrumb\"},\"inLanguage\":\"be\",\"potentialAction\":[{\"@type\":\"ReadAction\",\"target\":[\"https:\/\/spinbetter.cafe\/bf\/bonus\/vote-for-sports\/\"]}]},{\"@type\":\"BreadcrumbList\",\"@id\":\"https:\/\/spinbetter.cafe\/bf\/bonus\/vote-for-sports\/#breadcrumb\",\"itemListElement\":[{\"@type\":\"ListItem\",\"position\":1,\"name\":\"\u0413\u043b\u0430\u0432\u043d\u0430\u044f \u0441\u0442\u0440\u0430\u043d\u0438\u0446\u0430\",\"item\":\"https:\/\/spinbetter.cafe\/bf\/\"},{\"@type\":\"ListItem\",\"position\":2,\"name\":\"Bonus\",\"item\":\"https:\/\/spinbetter.cafe\/bf\/bonus\/\"},{\"@type\":\"ListItem\",\"position\":3,\"name\":\"Votez pour le sport\"}]},{\"@type\":\"WebSite\",\"@id\":\"https:\/\/spinbetter.cafe\/bf\/#website\",\"url\":\"https:\/\/spinbetter.cafe\/bf\/\",\"name\":\"Spinbetter Cafe BF\",\"description\":\"\",\"potentialAction\":[{\"@type\":\"SearchAction\",\"target\":{\"@type\":\"EntryPoint\",\"urlTemplate\":\"https:\/\/spinbetter.cafe\/bf\/?s={search_term_string}\"},\"query-input\":{\"@type\":\"PropertyValueSpecification\",\"valueRequired\":true,\"valueName\":\"search_term_string\"}}],\"inLanguage\":\"be\"}]}<\/script>\n<!-- \/ Yoast SEO plugin. -->","yoast_head_json":{"title":"Votez pour SpinBetter sport > paris gratuits jusqu'\u00e0 200 \u20ac","description":"Choisissez votre discipline pr\u00e9f\u00e9r\u00e9e au casino SpinBetter et obtenez un pari gratuit jusqu'\u00e0 200 EUR. Des conditions simples, un bonus rapide et une chance de gagner encore plus\u00a0!","robots":{"index":"index","follow":"follow","max-snippet":"max-snippet:-1","max-image-preview":"max-image-preview:large","max-video-preview":"max-video-preview:-1"},"og_locale":"en_US","og_type":"article","og_title":"Votez pour SpinBetter sport > paris gratuits jusqu'\u00e0 200 \u20ac","og_description":"Choisissez votre discipline pr\u00e9f\u00e9r\u00e9e au casino SpinBetter et obtenez un pari gratuit jusqu'\u00e0 200 EUR. Des conditions simples, un bonus rapide et une chance de gagner encore plus\u00a0!","og_url":"https:\/\/spinbetter.cafe\/bf\/bonus\/vote-for-sports\/","og_site_name":"Spinbetter Cafe BF","article_modified_time":"2025-06-02T10:00:11+00:00","twitter_card":"summary_large_image","schema":{"@context":"https:\/\/schema.org","@graph":[{"@type":"WebPage","@id":"https:\/\/spinbetter.cafe\/bf\/bonus\/vote-for-sports\/","url":"https:\/\/spinbetter.cafe\/bf\/bonus\/vote-for-sports\/","name":"Votez pour SpinBetter sport > paris gratuits jusqu'\u00e0 200 \u20ac","isPartOf":{"@id":"https:\/\/spinbetter.cafe\/bf\/#website"},"datePublished":"2025-06-02T09:59:43+00:00","dateModified":"2025-06-02T10:00:11+00:00","description":"Choisissez votre discipline pr\u00e9f\u00e9r\u00e9e au casino SpinBetter et obtenez un pari gratuit jusqu'\u00e0 200 EUR. Des conditions simples, un bonus rapide et une chance de gagner encore plus\u00a0!","breadcrumb":{"@id":"https:\/\/spinbetter.cafe\/bf\/bonus\/vote-for-sports\/#breadcrumb"},"inLanguage":"be","potentialAction":[{"@type":"ReadAction","target":["https:\/\/spinbetter.cafe\/bf\/bonus\/vote-for-sports\/"]}]},{"@type":"BreadcrumbList","@id":"https:\/\/spinbetter.cafe\/bf\/bonus\/vote-for-sports\/#breadcrumb","itemListElement":[{"@type":"ListItem","position":1,"name":"\u0413\u043b\u0430\u0432\u043d\u0430\u044f \u0441\u0442\u0440\u0430\u043d\u0438\u0446\u0430","item":"https:\/\/spinbetter.cafe\/bf\/"},{"@type":"ListItem","position":2,"name":"Bonus","item":"https:\/\/spinbetter.cafe\/bf\/bonus\/"},{"@type":"ListItem","position":3,"name":"Votez pour le sport"}]},{"@type":"WebSite","@id":"https:\/\/spinbetter.cafe\/bf\/#website","url":"https:\/\/spinbetter.cafe\/bf\/","name":"Spinbetter Cafe BF","description":"","potentialAction":[{"@type":"SearchAction","target":{"@type":"EntryPoint","urlTemplate":"https:\/\/spinbetter.cafe\/bf\/?s={search_term_string}"},"query-input":{"@type":"PropertyValueSpecification","valueRequired":true,"valueName":"search_term_string"}}],"inLanguage":"be"}]}},"_links":{"self":[{"href":"https:\/\/spinbetter.cafe\/bf\/wp-json\/wp\/v2\/pages\/402"}],"collection":[{"href":"https:\/\/spinbetter.cafe\/bf\/wp-json\/wp\/v2\/pages"}],"about":[{"href":"https:\/\/spinbetter.cafe\/bf\/wp-json\/wp\/v2\/types\/page"}],"author":[{"embeddable":true,"href":"https:\/\/spinbetter.cafe\/bf\/wp-json\/wp\/v2\/users\/1"}],"replies":[{"embeddable":true,"href":"https:\/\/spinbetter.cafe\/bf\/wp-json\/wp\/v2\/comments?post=402"}],"version-history":[{"count":1,"href":"https:\/\/spinbetter.cafe\/bf\/wp-json\/wp\/v2\/pages\/402\/revisions"}],"predecessor-version":[{"id":403,"href":"https:\/\/spinbetter.cafe\/bf\/wp-json\/wp\/v2\/pages\/402\/revisions\/403"}],"up":[{"embeddable":true,"href":"https:\/\/spinbetter.cafe\/bf\/wp-json\/wp\/v2\/pages\/152"}],"wp:attachment":[{"href":"https:\/\/spinbetter.cafe\/bf\/wp-json\/wp\/v2\/media?parent=402"}],"curies":[{"name":"wp","href":"https:\/\/api.w.org\/{rel}","templated":true}]}}