{"id":258,"date":"2024-11-14T09:45:39","date_gmt":"2024-11-14T09:45:39","guid":{"rendered":"https:\/\/spinbetter.cafe\/bf\/?page_id=258"},"modified":"2025-05-29T12:11:33","modified_gmt":"2025-05-29T12:11:33","slug":"download","status":"publish","type":"page","link":"https:\/\/spinbetter.cafe\/bf\/download\/","title":{"rendered":"T\u00e9l\u00e9charger"},"content":{"rendered":"","protected":false},"excerpt":{"rendered":"","protected":false},"author":1,"featured_media":0,"parent":0,"menu_order":0,"comment_status":"closed","ping_status":"closed","template":"","meta":{"footnotes":""},"class_list":["post-258","page","type-page","status-publish","hentry"],"yoast_head":"<!-- This site is optimized with the Yoast SEO plugin v25.1 - https:\/\/yoast.com\/wordpress\/plugins\/seo\/ -->\n<title>SpinBetter Burkina Faso T\u00e9l\u00e9charger<\/title>\n<meta name=\"description\" content=\"SpinBetter Casino : t\u00e9l\u00e9chargez l\u2019appli et jouez partout. Acc\u00e9dez au casino et aux paris sportifs via smartphone ou tablette.\" \/>\n<meta name=\"robots\" content=\"index, follow, max-snippet:-1, max-image-preview:large, max-video-preview:-1\" \/>\n<meta property=\"og:locale\" content=\"en_US\" \/>\n<meta property=\"og:type\" content=\"article\" \/>\n<meta property=\"og:title\" content=\"SpinBetter Burkina Faso T\u00e9l\u00e9charger\" \/>\n<meta property=\"og:description\" content=\"SpinBetter Casino : t\u00e9l\u00e9chargez l\u2019appli et jouez partout. Acc\u00e9dez au casino et aux paris sportifs via smartphone ou tablette.\" \/>\n<meta property=\"og:url\" content=\"https:\/\/spinbetter.cafe\/bf\/download\/\" \/>\n<meta property=\"og:site_name\" content=\"Spinbetter Cafe BF\" \/>\n<meta property=\"article:modified_time\" content=\"2025-05-29T12:11:33+00:00\" \/>\n<meta name=\"twitter:card\" content=\"summary_large_image\" \/>\n<script type=\"application\/ld+json\" class=\"yoast-schema-graph\">{\"@context\":\"https:\/\/schema.org\",\"@graph\":[{\"@type\":\"WebPage\",\"@id\":\"https:\/\/spinbetter.cafe\/bf\/download\/\",\"url\":\"https:\/\/spinbetter.cafe\/bf\/download\/\",\"name\":\"SpinBetter Burkina Faso T\u00e9l\u00e9charger\",\"isPartOf\":{\"@id\":\"https:\/\/spinbetter.cafe\/bf\/#website\"},\"datePublished\":\"2024-11-14T09:45:39+00:00\",\"dateModified\":\"2025-05-29T12:11:33+00:00\",\"description\":\"SpinBetter Casino : t\u00e9l\u00e9chargez l\u2019appli et jouez partout. Acc\u00e9dez au casino et aux paris sportifs via smartphone ou tablette.\",\"breadcrumb\":{\"@id\":\"https:\/\/spinbetter.cafe\/bf\/download\/#breadcrumb\"},\"inLanguage\":\"be\",\"potentialAction\":[{\"@type\":\"ReadAction\",\"target\":[\"https:\/\/spinbetter.cafe\/bf\/download\/\"]}]},{\"@type\":\"BreadcrumbList\",\"@id\":\"https:\/\/spinbetter.cafe\/bf\/download\/#breadcrumb\",\"itemListElement\":[{\"@type\":\"ListItem\",\"position\":1,\"name\":\"\u0413\u043b\u0430\u0432\u043d\u0430\u044f \u0441\u0442\u0440\u0430\u043d\u0438\u0446\u0430\",\"item\":\"https:\/\/spinbetter.cafe\/bf\/\"},{\"@type\":\"ListItem\",\"position\":2,\"name\":\"T\u00e9l\u00e9charger\"}]},{\"@type\":\"WebSite\",\"@id\":\"https:\/\/spinbetter.cafe\/bf\/#website\",\"url\":\"https:\/\/spinbetter.cafe\/bf\/\",\"name\":\"Spinbetter Cafe BF\",\"description\":\"\",\"potentialAction\":[{\"@type\":\"SearchAction\",\"target\":{\"@type\":\"EntryPoint\",\"urlTemplate\":\"https:\/\/spinbetter.cafe\/bf\/?s={search_term_string}\"},\"query-input\":{\"@type\":\"PropertyValueSpecification\",\"valueRequired\":true,\"valueName\":\"search_term_string\"}}],\"inLanguage\":\"be\"}]}<\/script>\n<!-- \/ Yoast SEO plugin. -->","yoast_head_json":{"title":"SpinBetter Burkina Faso T\u00e9l\u00e9charger","description":"SpinBetter Casino : t\u00e9l\u00e9chargez l\u2019appli et jouez partout. Acc\u00e9dez au casino et aux paris sportifs via smartphone ou tablette.","robots":{"index":"index","follow":"follow","max-snippet":"max-snippet:-1","max-image-preview":"max-image-preview:large","max-video-preview":"max-video-preview:-1"},"og_locale":"en_US","og_type":"article","og_title":"SpinBetter Burkina Faso T\u00e9l\u00e9charger","og_description":"SpinBetter Casino : t\u00e9l\u00e9chargez l\u2019appli et jouez partout. Acc\u00e9dez au casino et aux paris sportifs via smartphone ou tablette.","og_url":"https:\/\/spinbetter.cafe\/bf\/download\/","og_site_name":"Spinbetter Cafe BF","article_modified_time":"2025-05-29T12:11:33+00:00","twitter_card":"summary_large_image","schema":{"@context":"https:\/\/schema.org","@graph":[{"@type":"WebPage","@id":"https:\/\/spinbetter.cafe\/bf\/download\/","url":"https:\/\/spinbetter.cafe\/bf\/download\/","name":"SpinBetter Burkina Faso T\u00e9l\u00e9charger","isPartOf":{"@id":"https:\/\/spinbetter.cafe\/bf\/#website"},"datePublished":"2024-11-14T09:45:39+00:00","dateModified":"2025-05-29T12:11:33+00:00","description":"SpinBetter Casino : t\u00e9l\u00e9chargez l\u2019appli et jouez partout. Acc\u00e9dez au casino et aux paris sportifs via smartphone ou tablette.","breadcrumb":{"@id":"https:\/\/spinbetter.cafe\/bf\/download\/#breadcrumb"},"inLanguage":"be","potentialAction":[{"@type":"ReadAction","target":["https:\/\/spinbetter.cafe\/bf\/download\/"]}]},{"@type":"BreadcrumbList","@id":"https:\/\/spinbetter.cafe\/bf\/download\/#breadcrumb","itemListElement":[{"@type":"ListItem","position":1,"name":"\u0413\u043b\u0430\u0432\u043d\u0430\u044f \u0441\u0442\u0440\u0430\u043d\u0438\u0446\u0430","item":"https:\/\/spinbetter.cafe\/bf\/"},{"@type":"ListItem","position":2,"name":"T\u00e9l\u00e9charger"}]},{"@type":"WebSite","@id":"https:\/\/spinbetter.cafe\/bf\/#website","url":"https:\/\/spinbetter.cafe\/bf\/","name":"Spinbetter Cafe BF","description":"","potentialAction":[{"@type":"SearchAction","target":{"@type":"EntryPoint","urlTemplate":"https:\/\/spinbetter.cafe\/bf\/?s={search_term_string}"},"query-input":{"@type":"PropertyValueSpecification","valueRequired":true,"valueName":"search_term_string"}}],"inLanguage":"be"}]}},"_links":{"self":[{"href":"https:\/\/spinbetter.cafe\/bf\/wp-json\/wp\/v2\/pages\/258"}],"collection":[{"href":"https:\/\/spinbetter.cafe\/bf\/wp-json\/wp\/v2\/pages"}],"about":[{"href":"https:\/\/spinbetter.cafe\/bf\/wp-json\/wp\/v2\/types\/page"}],"author":[{"embeddable":true,"href":"https:\/\/spinbetter.cafe\/bf\/wp-json\/wp\/v2\/users\/1"}],"replies":[{"embeddable":true,"href":"https:\/\/spinbetter.cafe\/bf\/wp-json\/wp\/v2\/comments?post=258"}],"version-history":[{"count":16,"href":"https:\/\/spinbetter.cafe\/bf\/wp-json\/wp\/v2\/pages\/258\/revisions"}],"predecessor-version":[{"id":377,"href":"https:\/\/spinbetter.cafe\/bf\/wp-json\/wp\/v2\/pages\/258\/revisions\/377"}],"wp:attachment":[{"href":"https:\/\/spinbetter.cafe\/bf\/wp-json\/wp\/v2\/media?parent=258"}],"curies":[{"name":"wp","href":"https:\/\/api.w.org\/{rel}","templated":true}]}}