{"id":232,"date":"2024-11-14T09:45:52","date_gmt":"2024-11-14T09:45:52","guid":{"rendered":"https:\/\/spinbetter.cafe\/bf\/?page_id=232"},"modified":"2025-05-29T12:09:36","modified_gmt":"2025-05-29T12:09:36","slug":"login","status":"publish","type":"page","link":"https:\/\/spinbetter.cafe\/bf\/login\/","title":{"rendered":"Connexion"},"content":{"rendered":"","protected":false},"excerpt":{"rendered":"","protected":false},"author":1,"featured_media":0,"parent":0,"menu_order":0,"comment_status":"closed","ping_status":"closed","template":"","meta":{"footnotes":""},"class_list":["post-232","page","type-page","status-publish","hentry"],"yoast_head":"<!-- This site is optimized with the Yoast SEO plugin v25.1 - https:\/\/yoast.com\/wordpress\/plugins\/seo\/ -->\n<title>SpinBetter Burkina Faso &gt; acc\u00e8s casino, paris et bonus!<\/title>\n<meta name=\"description\" content=\"Autorisez-vous sur SpinBetter et profitez d&#039;un acc\u00e8s complet aux paris sportifs, aux jeux de casino et aux offres sp\u00e9ciales.\" \/>\n<meta name=\"robots\" content=\"index, follow, max-snippet:-1, max-image-preview:large, max-video-preview:-1\" \/>\n<meta property=\"og:locale\" content=\"en_US\" \/>\n<meta property=\"og:type\" content=\"article\" \/>\n<meta property=\"og:title\" content=\"SpinBetter Burkina Faso &gt; acc\u00e8s casino, paris et bonus!\" \/>\n<meta property=\"og:description\" content=\"Autorisez-vous sur SpinBetter et profitez d&#039;un acc\u00e8s complet aux paris sportifs, aux jeux de casino et aux offres sp\u00e9ciales.\" \/>\n<meta property=\"og:url\" content=\"https:\/\/spinbetter.cafe\/bf\/login\/\" \/>\n<meta property=\"og:site_name\" content=\"Spinbetter Cafe BF\" \/>\n<meta property=\"article:modified_time\" content=\"2025-05-29T12:09:36+00:00\" \/>\n<meta name=\"twitter:card\" content=\"summary_large_image\" \/>\n<script type=\"application\/ld+json\" class=\"yoast-schema-graph\">{\"@context\":\"https:\/\/schema.org\",\"@graph\":[{\"@type\":\"WebPage\",\"@id\":\"https:\/\/spinbetter.cafe\/bf\/login\/\",\"url\":\"https:\/\/spinbetter.cafe\/bf\/login\/\",\"name\":\"SpinBetter Burkina Faso > acc\u00e8s casino, paris et bonus!\",\"isPartOf\":{\"@id\":\"https:\/\/spinbetter.cafe\/bf\/#website\"},\"datePublished\":\"2024-11-14T09:45:52+00:00\",\"dateModified\":\"2025-05-29T12:09:36+00:00\",\"description\":\"Autorisez-vous sur SpinBetter et profitez d'un acc\u00e8s complet aux paris sportifs, aux jeux de casino et aux offres sp\u00e9ciales.\",\"breadcrumb\":{\"@id\":\"https:\/\/spinbetter.cafe\/bf\/login\/#breadcrumb\"},\"inLanguage\":\"be\",\"potentialAction\":[{\"@type\":\"ReadAction\",\"target\":[\"https:\/\/spinbetter.cafe\/bf\/login\/\"]}]},{\"@type\":\"BreadcrumbList\",\"@id\":\"https:\/\/spinbetter.cafe\/bf\/login\/#breadcrumb\",\"itemListElement\":[{\"@type\":\"ListItem\",\"position\":1,\"name\":\"\u0413\u043b\u0430\u0432\u043d\u0430\u044f \u0441\u0442\u0440\u0430\u043d\u0438\u0446\u0430\",\"item\":\"https:\/\/spinbetter.cafe\/bf\/\"},{\"@type\":\"ListItem\",\"position\":2,\"name\":\"Connexion\"}]},{\"@type\":\"WebSite\",\"@id\":\"https:\/\/spinbetter.cafe\/bf\/#website\",\"url\":\"https:\/\/spinbetter.cafe\/bf\/\",\"name\":\"Spinbetter Cafe BF\",\"description\":\"\",\"potentialAction\":[{\"@type\":\"SearchAction\",\"target\":{\"@type\":\"EntryPoint\",\"urlTemplate\":\"https:\/\/spinbetter.cafe\/bf\/?s={search_term_string}\"},\"query-input\":{\"@type\":\"PropertyValueSpecification\",\"valueRequired\":true,\"valueName\":\"search_term_string\"}}],\"inLanguage\":\"be\"}]}<\/script>\n<!-- \/ Yoast SEO plugin. -->","yoast_head_json":{"title":"SpinBetter Burkina Faso > acc\u00e8s casino, paris et bonus!","description":"Autorisez-vous sur SpinBetter et profitez d'un acc\u00e8s complet aux paris sportifs, aux jeux de casino et aux offres sp\u00e9ciales.","robots":{"index":"index","follow":"follow","max-snippet":"max-snippet:-1","max-image-preview":"max-image-preview:large","max-video-preview":"max-video-preview:-1"},"og_locale":"en_US","og_type":"article","og_title":"SpinBetter Burkina Faso > acc\u00e8s casino, paris et bonus!","og_description":"Autorisez-vous sur SpinBetter et profitez d'un acc\u00e8s complet aux paris sportifs, aux jeux de casino et aux offres sp\u00e9ciales.","og_url":"https:\/\/spinbetter.cafe\/bf\/login\/","og_site_name":"Spinbetter Cafe BF","article_modified_time":"2025-05-29T12:09:36+00:00","twitter_card":"summary_large_image","schema":{"@context":"https:\/\/schema.org","@graph":[{"@type":"WebPage","@id":"https:\/\/spinbetter.cafe\/bf\/login\/","url":"https:\/\/spinbetter.cafe\/bf\/login\/","name":"SpinBetter Burkina Faso > acc\u00e8s casino, paris et bonus!","isPartOf":{"@id":"https:\/\/spinbetter.cafe\/bf\/#website"},"datePublished":"2024-11-14T09:45:52+00:00","dateModified":"2025-05-29T12:09:36+00:00","description":"Autorisez-vous sur SpinBetter et profitez d'un acc\u00e8s complet aux paris sportifs, aux jeux de casino et aux offres sp\u00e9ciales.","breadcrumb":{"@id":"https:\/\/spinbetter.cafe\/bf\/login\/#breadcrumb"},"inLanguage":"be","potentialAction":[{"@type":"ReadAction","target":["https:\/\/spinbetter.cafe\/bf\/login\/"]}]},{"@type":"BreadcrumbList","@id":"https:\/\/spinbetter.cafe\/bf\/login\/#breadcrumb","itemListElement":[{"@type":"ListItem","position":1,"name":"\u0413\u043b\u0430\u0432\u043d\u0430\u044f \u0441\u0442\u0440\u0430\u043d\u0438\u0446\u0430","item":"https:\/\/spinbetter.cafe\/bf\/"},{"@type":"ListItem","position":2,"name":"Connexion"}]},{"@type":"WebSite","@id":"https:\/\/spinbetter.cafe\/bf\/#website","url":"https:\/\/spinbetter.cafe\/bf\/","name":"Spinbetter Cafe BF","description":"","potentialAction":[{"@type":"SearchAction","target":{"@type":"EntryPoint","urlTemplate":"https:\/\/spinbetter.cafe\/bf\/?s={search_term_string}"},"query-input":{"@type":"PropertyValueSpecification","valueRequired":true,"valueName":"search_term_string"}}],"inLanguage":"be"}]}},"_links":{"self":[{"href":"https:\/\/spinbetter.cafe\/bf\/wp-json\/wp\/v2\/pages\/232"}],"collection":[{"href":"https:\/\/spinbetter.cafe\/bf\/wp-json\/wp\/v2\/pages"}],"about":[{"href":"https:\/\/spinbetter.cafe\/bf\/wp-json\/wp\/v2\/types\/page"}],"author":[{"embeddable":true,"href":"https:\/\/spinbetter.cafe\/bf\/wp-json\/wp\/v2\/users\/1"}],"replies":[{"embeddable":true,"href":"https:\/\/spinbetter.cafe\/bf\/wp-json\/wp\/v2\/comments?post=232"}],"version-history":[{"count":14,"href":"https:\/\/spinbetter.cafe\/bf\/wp-json\/wp\/v2\/pages\/232\/revisions"}],"predecessor-version":[{"id":385,"href":"https:\/\/spinbetter.cafe\/bf\/wp-json\/wp\/v2\/pages\/232\/revisions\/385"}],"wp:attachment":[{"href":"https:\/\/spinbetter.cafe\/bf\/wp-json\/wp\/v2\/media?parent=232"}],"curies":[{"name":"wp","href":"https:\/\/api.w.org\/{rel}","templated":true}]}}